{"id":1103,"date":"2013-09-25T14:16:03","date_gmt":"2013-09-25T14:16:03","guid":{"rendered":"https:\/\/humanidades.uprrp.edu\/asuntosestudiantiles\/?page_id=1103"},"modified":"2024-10-24T10:30:51","modified_gmt":"2024-10-24T14:30:51","slug":"prei","status":"publish","type":"page","link":"https:\/\/humanidades.uprrp.edu\/asuntosestudiantiles\/prei\/","title":{"rendered":"Curr\u00edculos Programa en Estudios Interdisciplinarios"},"content":{"rendered":"<p style=\"text-align: center;\"><a href=\"https:\/\/humanidades.uprrp.edu\/asuntosestudiantiles\/wp-content\/uploads\/9715908397_695d2f1e00_c.jpg\"><img loading=\"lazy\" decoding=\"async\" class=\"wp-image-1293 alignright\" src=\"https:\/\/humanidades.uprrp.edu\/asuntosestudiantiles\/wp-content\/uploads\/9715908397_695d2f1e00_c.jpg\" alt=\"9715908397_695d2f1e00_c\" width=\"362\" height=\"241\" srcset=\"https:\/\/humanidades.uprrp.edu\/asuntosestudiantiles\/wp-content\/uploads\/9715908397_695d2f1e00_c.jpg 800w, https:\/\/humanidades.uprrp.edu\/asuntosestudiantiles\/wp-content\/uploads\/9715908397_695d2f1e00_c-300x200.jpg 300w, https:\/\/humanidades.uprrp.edu\/asuntosestudiantiles\/wp-content\/uploads\/9715908397_695d2f1e00_c-720x480.jpg 720w\" sizes=\"auto, (max-width: 362px) 100vw, 362px\" \/><\/a><\/p>\n<h4><span style=\"font-size: 14pt;\"><strong><span style=\"color: #ff0000;\">\u00c1reas de \u00e9nfasis:<\/span><\/strong><\/span><\/h4>\n<ul>\n<li><a href=\"https:\/\/humanidades.uprrp.edu\/prei\/?page_id=33\"><span style=\"font-size: 14pt;\">Escritura creativa<\/span><\/a>\n<ul>\n<li>Opciones de cursos escritura creativa<\/li>\n<\/ul>\n<\/li>\n<li><a href=\"https:\/\/humanidades.uprrp.edu\/prei\/?page_id=35\"><span style=\"font-size: 14pt;\">Estudios Individualizados<\/span><\/a><\/li>\n<li><a href=\"https:\/\/humanidades.uprrp.edu\/prei\/?page_id=39\"><span style=\"font-size: 14pt;\">Pre-jur\u00eddico<\/span><\/a>\n<ul>\n<li>Opciones de cursos Pre-jur\u00eddico<\/li>\n<\/ul>\n<\/li>\n<li><a href=\"https:\/\/humanidades.uprrp.edu\/prei\/?page_id=222\"><span style=\"font-size: 14pt;\">Estudios de Cine y Audiovisual<\/span><\/a><\/li>\n<\/ul>\n","protected":false},"excerpt":{"rendered":"<p>\u00c1reas de \u00e9nfasis: Escritura creativa Opciones de cursos escritura creativa Estudios Individualizados Pre-jur\u00eddico Opciones de cursos Pre-jur\u00eddico Estudios de Cine y Audiovisual<\/p>\n","protected":false},"author":3,"featured_media":1082,"parent":0,"menu_order":0,"comment_status":"closed","ping_status":"closed","template":"","meta":{"footnotes":""},"class_list":["post-1103","page","type-page","status-publish","has-post-thumbnail","hentry","column","onecol","has-thumbnail"],"_links":{"self":[{"href":"https:\/\/humanidades.uprrp.edu\/asuntosestudiantiles\/wp-json\/wp\/v2\/pages\/1103","targetHints":{"allow":["GET"]}}],"collection":[{"href":"https:\/\/humanidades.uprrp.edu\/asuntosestudiantiles\/wp-json\/wp\/v2\/pages"}],"about":[{"href":"https:\/\/humanidades.uprrp.edu\/asuntosestudiantiles\/wp-json\/wp\/v2\/types\/page"}],"author":[{"embeddable":true,"href":"https:\/\/humanidades.uprrp.edu\/asuntosestudiantiles\/wp-json\/wp\/v2\/users\/3"}],"replies":[{"embeddable":true,"href":"https:\/\/humanidades.uprrp.edu\/asuntosestudiantiles\/wp-json\/wp\/v2\/comments?post=1103"}],"version-history":[{"count":27,"href":"https:\/\/humanidades.uprrp.edu\/asuntosestudiantiles\/wp-json\/wp\/v2\/pages\/1103\/revisions"}],"predecessor-version":[{"id":2932,"href":"https:\/\/humanidades.uprrp.edu\/asuntosestudiantiles\/wp-json\/wp\/v2\/pages\/1103\/revisions\/2932"}],"wp:featuredmedia":[{"embeddable":true,"href":"https:\/\/humanidades.uprrp.edu\/asuntosestudiantiles\/wp-json\/wp\/v2\/media\/1082"}],"wp:attachment":[{"href":"https:\/\/humanidades.uprrp.edu\/asuntosestudiantiles\/wp-json\/wp\/v2\/media?parent=1103"}],"curies":[{"name":"wp","href":"https:\/\/api.w.org\/{rel}","templated":true}]}}