{"id":1101,"date":"2013-09-25T14:14:55","date_gmt":"2013-09-25T14:14:55","guid":{"rendered":"https:\/\/humanidades.uprrp.edu\/asuntosestudiantiles\/?page_id=1101"},"modified":"2018-09-12T15:56:59","modified_gmt":"2018-09-12T19:56:59","slug":"musica-4","status":"publish","type":"page","link":"https:\/\/humanidades.uprrp.edu\/asuntosestudiantiles\/musica-4\/","title":{"rendered":"Curr\u00edculos Departamento de M\u00fasica"},"content":{"rendered":"<p style=\"text-align: center;\"><a href=\"https:\/\/humanidades.uprrp.edu\/asuntosestudiantiles\/wp-content\/uploads\/Orquesta-Cmara.jpg\"><img loading=\"lazy\" decoding=\"async\" class=\"wp-image-1292 aligncenter\" src=\"https:\/\/humanidades.uprrp.edu\/asuntosestudiantiles\/wp-content\/uploads\/Orquesta-Cmara.jpg\" alt=\"Orquesta Cmara\" width=\"457\" height=\"343\" srcset=\"https:\/\/humanidades.uprrp.edu\/asuntosestudiantiles\/wp-content\/uploads\/Orquesta-Cmara.jpg 2592w, https:\/\/humanidades.uprrp.edu\/asuntosestudiantiles\/wp-content\/uploads\/Orquesta-Cmara-300x225.jpg 300w, https:\/\/humanidades.uprrp.edu\/asuntosestudiantiles\/wp-content\/uploads\/Orquesta-Cmara-1024x768.jpg 1024w, https:\/\/humanidades.uprrp.edu\/asuntosestudiantiles\/wp-content\/uploads\/Orquesta-Cmara-720x540.jpg 720w\" sizes=\"auto, (max-width: 457px) 100vw, 457px\" \/><\/a><\/p>\n<h4><span style=\"font-size: 14pt;\"><strong><span style=\"color: #ff0000;\">\u00c1rea de \u00e9nfasis:<\/span><\/strong><\/span><\/h4>\n<ul>\n<li><a href=\"https:\/\/drive.google.com\/file\/d\/1xOKw4rxqO4c_tC0Z-tCRL4ZmpdmRDKAk\/view?usp=sharing\"><span style=\"font-size: 14pt;\">M\u00fasica (General)<\/span><\/a><\/li>\n<\/ul>\n","protected":false},"excerpt":{"rendered":"<p>\u00c1rea de \u00e9nfasis: M\u00fasica (General)<\/p>\n","protected":false},"author":3,"featured_media":1081,"parent":0,"menu_order":0,"comment_status":"closed","ping_status":"closed","template":"","meta":{"footnotes":""},"class_list":["post-1101","page","type-page","status-publish","has-post-thumbnail","hentry","column","onecol","has-thumbnail"],"_links":{"self":[{"href":"https:\/\/humanidades.uprrp.edu\/asuntosestudiantiles\/wp-json\/wp\/v2\/pages\/1101","targetHints":{"allow":["GET"]}}],"collection":[{"href":"https:\/\/humanidades.uprrp.edu\/asuntosestudiantiles\/wp-json\/wp\/v2\/pages"}],"about":[{"href":"https:\/\/humanidades.uprrp.edu\/asuntosestudiantiles\/wp-json\/wp\/v2\/types\/page"}],"author":[{"embeddable":true,"href":"https:\/\/humanidades.uprrp.edu\/asuntosestudiantiles\/wp-json\/wp\/v2\/users\/3"}],"replies":[{"embeddable":true,"href":"https:\/\/humanidades.uprrp.edu\/asuntosestudiantiles\/wp-json\/wp\/v2\/comments?post=1101"}],"version-history":[{"count":11,"href":"https:\/\/humanidades.uprrp.edu\/asuntosestudiantiles\/wp-json\/wp\/v2\/pages\/1101\/revisions"}],"predecessor-version":[{"id":2225,"href":"https:\/\/humanidades.uprrp.edu\/asuntosestudiantiles\/wp-json\/wp\/v2\/pages\/1101\/revisions\/2225"}],"wp:featuredmedia":[{"embeddable":true,"href":"https:\/\/humanidades.uprrp.edu\/asuntosestudiantiles\/wp-json\/wp\/v2\/media\/1081"}],"wp:attachment":[{"href":"https:\/\/humanidades.uprrp.edu\/asuntosestudiantiles\/wp-json\/wp\/v2\/media?parent=1101"}],"curies":[{"name":"wp","href":"https:\/\/api.w.org\/{rel}","templated":true}]}}