{"id":1097,"date":"2013-09-25T14:13:20","date_gmt":"2013-09-25T14:13:20","guid":{"rendered":"https:\/\/humanidades.uprrp.edu\/asuntosestudiantiles\/?page_id=1097"},"modified":"2018-09-12T16:29:45","modified_gmt":"2018-09-12T20:29:45","slug":"lenguas-extranjeras","status":"publish","type":"page","link":"https:\/\/humanidades.uprrp.edu\/asuntosestudiantiles\/lenguas-extranjeras\/","title":{"rendered":"Curr\u00edculos Departamento de Lenguas Extrajeras"},"content":{"rendered":"<p style=\"text-align: center;\"><a href=\"https:\/\/humanidades.uprrp.edu\/asuntosestudiantiles\/wp-content\/uploads\/9719139672_b5c858fa71_c.jpg\"><img loading=\"lazy\" decoding=\"async\" class=\" wp-image-1269 aligncenter\" src=\"https:\/\/humanidades.uprrp.edu\/asuntosestudiantiles\/wp-content\/uploads\/9719139672_b5c858fa71_c.jpg\" alt=\"9719139672_b5c858fa71_c\" width=\"560\" height=\"374\" \/><\/a><\/p>\n<h4><strong><span style=\"font-size: 14pt; color: #ff0000;\">\u00c1reas de \u00e9nfasis:<\/span><\/strong><\/h4>\n<ul>\n<li><a href=\"https:\/\/drive.google.com\/file\/d\/1EwQznWtuJaWeURXyfcqo7CYRUfukI4F5\/view?usp=sharing\"><span style=\"font-size: 14pt;\">Una Lengua- Franc\u00e9s (Estudios Franceses y Franc\u00f3fonos)<\/span><\/a><\/li>\n<li><a href=\"https:\/\/drive.google.com\/file\/d\/13SWqL-WG-oIo97oIExqvUaeCQQx6NSTU\/view?usp=sharing\"><span style=\"font-size: 14pt;\">Una Lengua &#8211; Portugu\u00e9s (Estudios Lus\u00f3fonos)\u00a0<\/span><\/a><\/li>\n<li><a href=\"https:\/\/drive.google.com\/file\/d\/1I33JOoIXKoDOagbbIUsGvVoLxtb_vHCT\/view?usp=sharing\"><span style=\"font-size: 14pt;\">Una Lengua &#8211; Italiano (Estudios Italianos)<\/span><\/a><\/li>\n<li><a href=\"https:\/\/drive.google.com\/file\/d\/1wdSCpALQAf7XhCTkjhgOdWT1slTSviUf\/view?usp=sharing\"><span style=\"font-size: 14pt;\">Dos Lenguas<\/span><\/a><\/li>\n<\/ul>\n","protected":false},"excerpt":{"rendered":"<p>\u00c1reas de \u00e9nfasis: Una Lengua- Franc\u00e9s (Estudios Franceses y Franc\u00f3fonos) Una Lengua &#8211; Portugu\u00e9s (Estudios Lus\u00f3fonos)\u00a0 Una Lengua &#8211; Italiano (Estudios Italianos) Dos Lenguas<\/p>\n","protected":false},"author":3,"featured_media":1076,"parent":0,"menu_order":0,"comment_status":"closed","ping_status":"closed","template":"","meta":{"footnotes":""},"class_list":["post-1097","page","type-page","status-publish","has-post-thumbnail","hentry","column","onecol","has-thumbnail"],"_links":{"self":[{"href":"https:\/\/humanidades.uprrp.edu\/asuntosestudiantiles\/wp-json\/wp\/v2\/pages\/1097","targetHints":{"allow":["GET"]}}],"collection":[{"href":"https:\/\/humanidades.uprrp.edu\/asuntosestudiantiles\/wp-json\/wp\/v2\/pages"}],"about":[{"href":"https:\/\/humanidades.uprrp.edu\/asuntosestudiantiles\/wp-json\/wp\/v2\/types\/page"}],"author":[{"embeddable":true,"href":"https:\/\/humanidades.uprrp.edu\/asuntosestudiantiles\/wp-json\/wp\/v2\/users\/3"}],"replies":[{"embeddable":true,"href":"https:\/\/humanidades.uprrp.edu\/asuntosestudiantiles\/wp-json\/wp\/v2\/comments?post=1097"}],"version-history":[{"count":11,"href":"https:\/\/humanidades.uprrp.edu\/asuntosestudiantiles\/wp-json\/wp\/v2\/pages\/1097\/revisions"}],"predecessor-version":[{"id":2230,"href":"https:\/\/humanidades.uprrp.edu\/asuntosestudiantiles\/wp-json\/wp\/v2\/pages\/1097\/revisions\/2230"}],"wp:featuredmedia":[{"embeddable":true,"href":"https:\/\/humanidades.uprrp.edu\/asuntosestudiantiles\/wp-json\/wp\/v2\/media\/1076"}],"wp:attachment":[{"href":"https:\/\/humanidades.uprrp.edu\/asuntosestudiantiles\/wp-json\/wp\/v2\/media?parent=1097"}],"curies":[{"name":"wp","href":"https:\/\/api.w.org\/{rel}","templated":true}]}}