{"id":1091,"date":"2013-09-25T14:09:31","date_gmt":"2013-09-25T14:09:31","guid":{"rendered":"https:\/\/humanidades.uprrp.edu\/asuntosestudiantiles\/?page_id=1091"},"modified":"2018-09-12T13:54:48","modified_gmt":"2018-09-12T17:54:48","slug":"historia","status":"publish","type":"page","link":"https:\/\/humanidades.uprrp.edu\/asuntosestudiantiles\/historia\/","title":{"rendered":"Curr\u00edculos Departamento de Historia"},"content":{"rendered":"<p style=\"text-align: center;\"><a href=\"https:\/\/humanidades.uprrp.edu\/asuntosestudiantiles\/wp-content\/uploads\/9719094052_2001ca0240_c.jpg\"><img loading=\"lazy\" decoding=\"async\" class=\" wp-image-1271 aligncenter\" src=\"https:\/\/humanidades.uprrp.edu\/asuntosestudiantiles\/wp-content\/uploads\/9719094052_2001ca0240_c.jpg\" alt=\"9719094052_2001ca0240_c\" width=\"560\" height=\"374\" srcset=\"https:\/\/humanidades.uprrp.edu\/asuntosestudiantiles\/wp-content\/uploads\/9719094052_2001ca0240_c.jpg 800w, https:\/\/humanidades.uprrp.edu\/asuntosestudiantiles\/wp-content\/uploads\/9719094052_2001ca0240_c-300x200.jpg 300w, https:\/\/humanidades.uprrp.edu\/asuntosestudiantiles\/wp-content\/uploads\/9719094052_2001ca0240_c-720x480.jpg 720w\" sizes=\"auto, (max-width: 560px) 100vw, 560px\" \/><\/a><\/p>\n<h4><strong><span style=\"font-size: 14pt; color: #ff0000;\">\u00c1rea de \u00e9nfasis:<\/span><\/strong><\/h4>\n<ul>\n<li><a href=\"https:\/\/drive.google.com\/file\/d\/1o_L93ZPsAvKgyouNksFouAUIm9LWRAdP\/view?usp=sharing\"><span style=\"font-size: 14pt;\">Historia de Europa<\/span><\/a><\/li>\n<li><a href=\"https:\/\/drive.google.com\/file\/d\/18TV7qbFCbQvMwQ1eVbcBqykgINwR6KYs\/view?usp=sharing\"><span style=\"font-size: 14pt;\">Historia de las Am\u00e9ricas<\/span><\/a><\/li>\n<\/ul>\n","protected":false},"excerpt":{"rendered":"<p>\u00c1rea de \u00e9nfasis: Historia de Europa Historia de las Am\u00e9ricas<\/p>\n","protected":false},"author":3,"featured_media":1074,"parent":0,"menu_order":0,"comment_status":"closed","ping_status":"closed","template":"","meta":{"footnotes":""},"class_list":["post-1091","page","type-page","status-publish","has-post-thumbnail","hentry","column","onecol","has-thumbnail"],"_links":{"self":[{"href":"https:\/\/humanidades.uprrp.edu\/asuntosestudiantiles\/wp-json\/wp\/v2\/pages\/1091","targetHints":{"allow":["GET"]}}],"collection":[{"href":"https:\/\/humanidades.uprrp.edu\/asuntosestudiantiles\/wp-json\/wp\/v2\/pages"}],"about":[{"href":"https:\/\/humanidades.uprrp.edu\/asuntosestudiantiles\/wp-json\/wp\/v2\/types\/page"}],"author":[{"embeddable":true,"href":"https:\/\/humanidades.uprrp.edu\/asuntosestudiantiles\/wp-json\/wp\/v2\/users\/3"}],"replies":[{"embeddable":true,"href":"https:\/\/humanidades.uprrp.edu\/asuntosestudiantiles\/wp-json\/wp\/v2\/comments?post=1091"}],"version-history":[{"count":14,"href":"https:\/\/humanidades.uprrp.edu\/asuntosestudiantiles\/wp-json\/wp\/v2\/pages\/1091\/revisions"}],"predecessor-version":[{"id":2186,"href":"https:\/\/humanidades.uprrp.edu\/asuntosestudiantiles\/wp-json\/wp\/v2\/pages\/1091\/revisions\/2186"}],"wp:featuredmedia":[{"embeddable":true,"href":"https:\/\/humanidades.uprrp.edu\/asuntosestudiantiles\/wp-json\/wp\/v2\/media\/1074"}],"wp:attachment":[{"href":"https:\/\/humanidades.uprrp.edu\/asuntosestudiantiles\/wp-json\/wp\/v2\/media?parent=1091"}],"curies":[{"name":"wp","href":"https:\/\/api.w.org\/{rel}","templated":true}]}}