{"id":1049,"date":"2013-09-25T12:51:01","date_gmt":"2013-09-25T12:51:01","guid":{"rendered":"https:\/\/humanidades.uprrp.edu\/asuntosestudiantiles\/?page_id=1049"},"modified":"2018-09-12T13:19:37","modified_gmt":"2018-09-12T17:19:37","slug":"bellas-artes","status":"publish","type":"page","link":"https:\/\/humanidades.uprrp.edu\/asuntosestudiantiles\/bellas-artes\/","title":{"rendered":"Curr\u00edculos Departamento de Bellas Artes"},"content":{"rendered":"<p style=\"text-align: center;\"><img loading=\"lazy\" decoding=\"async\" class=\"wp-image-1284 alignright\" src=\"https:\/\/humanidades.uprrp.edu\/asuntosestudiantiles\/wp-content\/uploads\/bellasartes.jpg\" alt=\"bellasartes\" width=\"648\" height=\"364\" srcset=\"https:\/\/humanidades.uprrp.edu\/asuntosestudiantiles\/wp-content\/uploads\/bellasartes.jpg 720w, https:\/\/humanidades.uprrp.edu\/asuntosestudiantiles\/wp-content\/uploads\/bellasartes-300x168.jpg 300w\" sizes=\"auto, (max-width: 648px) 100vw, 648px\" \/><\/p>\n<p>&nbsp;<\/p>\n<h4><strong><span style=\"color: #ff0000;\">\u00c1rea de \u00e9nfasis:<\/span><\/strong><\/h4>\n<ul>\n<li><a href=\"https:\/\/drive.google.com\/file\/d\/1-D_h3oOHSOupyG3GQxoArDk7bKoabAYb\/view?usp=sharing\"><span style=\"font-size: 14pt;\">Arte y Tecnolog\u00eda<\/span><\/a><\/li>\n<li><span style=\"font-size: 14pt;\"><a href=\"https:\/\/drive.google.com\/file\/d\/1Eu_X1I82VmgxqthCL4qJ9AwLh-xD41MP\/view?usp=sharing\">Dibujo<\/a><\/span><\/li>\n<li><span style=\"font-size: 14pt;\"><a href=\"https:\/\/drive.google.com\/file\/d\/1xMaWPXYZm5PBGCUZW2fAhU27Ip0m-KiN\/view?usp=sharing\">Escultura<\/a><\/span><\/li>\n<li><span style=\"font-size: 14pt;\"><a href=\"https:\/\/drive.google.com\/file\/d\/1v7K8thwyjV9BTrE2GhJenH02RfqH-P3F\/view?usp=sharing\">Fotograf\u00eda<\/a><\/span><\/li>\n<li><span style=\"font-size: 14pt;\"><a href=\"https:\/\/drive.google.com\/file\/d\/1AR_5cmGOpoPH-6TDHeeiBJXGu7w9dtSl\/view?usp=sharing\">Grabado<\/a><\/span><\/li>\n<li><span style=\"font-size: 14pt;\"><a href=\"https:\/\/drive.google.com\/file\/d\/1rjYgTHwibVZSNvfwfkz6QveL510-_S5z\/view?usp=sharing\">Pintura <\/a><\/span><\/li>\n<li><span style=\"font-size: 14pt;\"><a href=\"https:\/\/drive.google.com\/file\/d\/12p2iBj0kIP9vVIwH3H9vNdhAKN82gaGA\/view?usp=sharing\">\u00c1rea Multidisciplinaria en Artes Pl\u00e1sticas<\/a><\/span><\/li>\n<\/ul>\n","protected":false},"excerpt":{"rendered":"<p>&nbsp; \u00c1rea de \u00e9nfasis: Arte y Tecnolog\u00eda Dibujo Escultura Fotograf\u00eda Grabado Pintura \u00c1rea Multidisciplinaria en Artes Pl\u00e1sticas<\/p>\n","protected":false},"author":3,"featured_media":1055,"parent":0,"menu_order":0,"comment_status":"closed","ping_status":"closed","template":"","meta":{"footnotes":""},"class_list":["post-1049","page","type-page","status-publish","has-post-thumbnail","hentry","column","onecol","has-thumbnail"],"_links":{"self":[{"href":"https:\/\/humanidades.uprrp.edu\/asuntosestudiantiles\/wp-json\/wp\/v2\/pages\/1049","targetHints":{"allow":["GET"]}}],"collection":[{"href":"https:\/\/humanidades.uprrp.edu\/asuntosestudiantiles\/wp-json\/wp\/v2\/pages"}],"about":[{"href":"https:\/\/humanidades.uprrp.edu\/asuntosestudiantiles\/wp-json\/wp\/v2\/types\/page"}],"author":[{"embeddable":true,"href":"https:\/\/humanidades.uprrp.edu\/asuntosestudiantiles\/wp-json\/wp\/v2\/users\/3"}],"replies":[{"embeddable":true,"href":"https:\/\/humanidades.uprrp.edu\/asuntosestudiantiles\/wp-json\/wp\/v2\/comments?post=1049"}],"version-history":[{"count":67,"href":"https:\/\/humanidades.uprrp.edu\/asuntosestudiantiles\/wp-json\/wp\/v2\/pages\/1049\/revisions"}],"predecessor-version":[{"id":2174,"href":"https:\/\/humanidades.uprrp.edu\/asuntosestudiantiles\/wp-json\/wp\/v2\/pages\/1049\/revisions\/2174"}],"wp:featuredmedia":[{"embeddable":true,"href":"https:\/\/humanidades.uprrp.edu\/asuntosestudiantiles\/wp-json\/wp\/v2\/media\/1055"}],"wp:attachment":[{"href":"https:\/\/humanidades.uprrp.edu\/asuntosestudiantiles\/wp-json\/wp\/v2\/media?parent=1049"}],"curies":[{"name":"wp","href":"https:\/\/api.w.org\/{rel}","templated":true}]}}